
{"id":580,"date":"2024-04-19T00:33:51","date_gmt":"2024-04-18T22:33:51","guid":{"rendered":"https:\/\/advixy.com\/advixy-marks-its-presence-at-the-international-event-in-mexico-representing-the-canary-islands\/"},"modified":"2024-10-17T00:24:40","modified_gmt":"2024-10-16T22:24:40","slug":"advixy-marks-its-presence-at-the-international-event-in-mexico-representing-the-canary-islands","status":"publish","type":"page","link":"https:\/\/advixy.com\/en\/advixy-marks-its-presence-at-the-international-event-in-mexico-representing-the-canary-islands\/","title":{"rendered":"Advixy marks its presence at the 52nd AICO Board of Directors Meeting in Mexico City"},"content":{"rendered":"\t\t<div data-elementor-type=\"wp-page\" data-elementor-id=\"580\" class=\"elementor elementor-580 elementor-382\">\n\t\t\t\t<div class=\"elementor-element elementor-element-9aa8b67 e-flex e-con-boxed wpr-particle-no wpr-jarallax-no wpr-parallax-no wpr-sticky-section-no wpr-equal-height-no e-con e-parent\" data-id=\"9aa8b67\" data-element_type=\"container\" data-e-type=\"container\">\n\t\t\t\t\t<div class=\"e-con-inner\">\n\t\t\t\t<div class=\"elementor-element elementor-element-406a327 elementor-widget elementor-widget-video\" data-id=\"406a327\" data-element_type=\"widget\" data-e-type=\"widget\" data-settings=\"{&quot;youtube_url&quot;:&quot;https:\\\/\\\/www.youtube.com\\\/watch?v=GIcHhfKfXR4&quot;,&quot;video_type&quot;:&quot;youtube&quot;,&quot;controls&quot;:&quot;yes&quot;}\" data-widget_type=\"video.default\">\n\t\t\t\t<div class=\"elementor-widget-container\">\n\t\t\t\t\t\t\t<div class=\"elementor-wrapper elementor-open-inline\">\n\t\t\t<div class=\"elementor-video\"><\/div>\t\t<\/div>\n\t\t\t\t\t\t<\/div>\n\t\t\t\t<\/div>\n\t\t\t\t\t<\/div>\n\t\t\t\t<\/div>\n\t\t<div class=\"elementor-element elementor-element-8a72919 e-flex e-con-boxed wpr-particle-no wpr-jarallax-no wpr-parallax-no wpr-sticky-section-no wpr-equal-height-no e-con e-parent\" data-id=\"8a72919\" data-element_type=\"container\" data-e-type=\"container\">\n\t\t\t\t\t<div class=\"e-con-inner\">\n\t\t\t\t<div class=\"elementor-element elementor-element-7b0b271 elementor-widget elementor-widget-heading\" data-id=\"7b0b271\" data-element_type=\"widget\" data-e-type=\"widget\" data-widget_type=\"heading.default\">\n\t\t\t\t<div class=\"elementor-widget-container\">\n\t\t\t\t\t<h2 class=\"elementor-heading-title elementor-size-default\">Mexico City, May 18-21, 2024<\/h2>\t\t\t\t<\/div>\n\t\t\t\t<\/div>\n\t\t\t\t\t<\/div>\n\t\t\t\t<\/div>\n\t\t<div class=\"elementor-element elementor-element-6b09d2c e-flex e-con-boxed wpr-particle-no wpr-jarallax-no wpr-parallax-no wpr-sticky-section-no wpr-equal-height-no e-con e-parent\" data-id=\"6b09d2c\" data-element_type=\"container\" data-e-type=\"container\">\n\t\t\t\t\t<div class=\"e-con-inner\">\n\t\t\t\t<div class=\"elementor-element elementor-element-283c5e7 elementor-widget elementor-widget-text-editor\" data-id=\"283c5e7\" data-element_type=\"widget\" data-e-type=\"widget\" data-widget_type=\"text-editor.default\">\n\t\t\t\t<div class=\"elementor-widget-container\">\n\t\t\t\t\t\t\t\t\t<p>We would like to share with you our exciting trip to <strong>Mexico City<\/strong>, organized by <strong>AICO<\/strong> on the occasion of the fifty-second meeting of the Board of Directors of the Ibero-American Association of Chambers of Commerce, Industry and Services.<br>This event coincided with the celebration of the sesquicentennial anniversary of <strong>CANACO CDMX<\/strong>, the oldest Chamber in Latin America, and the ninetieth anniversary of the Inter-American Commercial Arbitration Commission, <strong>CIAC<\/strong>, which added special significance to our participation.<\/p>\t\t\t\t\t\t\t\t<\/div>\n\t\t\t\t<\/div>\n\t\t\t\t\t<\/div>\n\t\t\t\t<\/div>\n\t\t<div class=\"elementor-element elementor-element-2e155c3 e-flex e-con-boxed wpr-particle-no wpr-jarallax-no wpr-parallax-no wpr-sticky-section-no wpr-equal-height-no e-con e-parent\" data-id=\"2e155c3\" data-element_type=\"container\" data-e-type=\"container\">\n\t\t\t\t\t<div class=\"e-con-inner\">\n\t\t<div class=\"elementor-element elementor-element-fc03d3b e-con-full e-flex wpr-particle-no wpr-jarallax-no wpr-parallax-no wpr-sticky-section-no wpr-equal-height-no e-con e-child\" data-id=\"fc03d3b\" data-element_type=\"container\" data-e-type=\"container\">\n\t\t\t\t<div class=\"elementor-element elementor-element-27a9f74 elementor-widget elementor-widget-text-editor\" data-id=\"27a9f74\" data-element_type=\"widget\" data-e-type=\"widget\" data-widget_type=\"text-editor.default\">\n\t\t\t\t<div class=\"elementor-widget-container\">\n\t\t\t\t\t\t\t\t\t<p>The first evening we enjoyed a fantastic welcome cocktail party, where we were able to begin making valuable connections and prepare for the days ahead.<br>Our trip continued with a tour of the city, exploring historic sites such as Coyoac\u00e1n and the Church of San Juan Bautista, followed by a cultural experience at the Coyoac\u00e1n Market.\nThis was a perfect prelude to what would be an enriching series of events. <\/p>\n<p>We attended the official inauguration with speeches by important dignitaries, some of them being: Jos\u00e9 de Jes\u00fas Rodr\u00edguez C\u00e1rdenas, Francisco Herrero, Liliana S\u00e1nchez, Mart\u00ed Batres Guadarrama, Miguel Torruco Marqu\u00e9s and Nathalie Desplas.\nThen focused on crucial topics such as artificial intelligence and disruptive technologies, highlighting a keynote lecture by Fr\u00e9d\u00e9ric Garc\u00eda.\nWe participated in talks on nearshoring and renewable energies, with panelists such as Altagracia G\u00f3mez, Carla Medina and \u00c1ngel Asensio, who offered valuable perspectives on these emerging sectors.\nThere was also a conservatory on the Ibero-American economic situation with important panelists such as Juli\u00e1n Dom\u00ednguez, Larry Rubin, V\u00edctor Pav\u00f3n Villamayor and Vicente Guti\u00e9rrez Camposeco.   <\/p>\t\t\t\t\t\t\t\t<\/div>\n\t\t\t\t<\/div>\n\t\t\t\t<\/div>\n\t\t<div class=\"elementor-element elementor-element-4970a7d e-con-full e-flex wpr-particle-no wpr-jarallax-no wpr-parallax-no wpr-sticky-section-no wpr-equal-height-no e-con e-child\" data-id=\"4970a7d\" data-element_type=\"container\" data-e-type=\"container\">\n\t\t\t\t<div class=\"elementor-element elementor-element-1e7b029 elementor-widget elementor-widget-image\" data-id=\"1e7b029\" data-element_type=\"widget\" data-e-type=\"widget\" data-widget_type=\"image.default\">\n\t\t\t\t<div class=\"elementor-widget-container\">\n\t\t\t\t\t\t\t\t\t\t\t\t<figure class=\"wp-caption\">\n\t\t\t\t\t\t\t\t\t\t<img fetchpriority=\"high\" decoding=\"async\" width=\"960\" height=\"720\" src=\"https:\/\/advixy.com\/wp-content\/uploads\/2024\/05\/advixy_aico_sevilla-1-1024x768.jpeg\" class=\"attachment-large size-large wp-image-665\" alt=\"advixy_aico_mexico_canarias\" srcset=\"https:\/\/advixy.com\/wp-content\/uploads\/2024\/05\/advixy_aico_sevilla-1-1024x768.jpeg 1024w, https:\/\/advixy.com\/wp-content\/uploads\/2024\/05\/advixy_aico_sevilla-1-300x225.jpeg 300w, https:\/\/advixy.com\/wp-content\/uploads\/2024\/05\/advixy_aico_sevilla-1-768x576.jpeg 768w, https:\/\/advixy.com\/wp-content\/uploads\/2024\/05\/advixy_aico_sevilla-1-1536x1152.jpeg 1536w, https:\/\/advixy.com\/wp-content\/uploads\/2024\/05\/advixy_aico_sevilla-1-2048x1536.jpeg 2048w, https:\/\/advixy.com\/wp-content\/uploads\/2024\/05\/advixy_aico_sevilla-1-1000x750.jpeg 1000w, https:\/\/advixy.com\/wp-content\/uploads\/2024\/05\/advixy_aico_sevilla-1-230x173.jpeg 230w, https:\/\/advixy.com\/wp-content\/uploads\/2024\/05\/advixy_aico_sevilla-1-350x263.jpeg 350w, https:\/\/advixy.com\/wp-content\/uploads\/2024\/05\/advixy_aico_sevilla-1-480x360.jpeg 480w\" sizes=\"(max-width: 960px) 100vw, 960px\" \/>\t\t\t\t\t\t\t\t\t\t\t<figcaption class=\"widget-image-caption wp-caption-text\">Advixy, the President of AICO and the Chamber of Commerce of Seville, the Director of the International Area of the Chamber of Commerce of Seville<\/figcaption>\n\t\t\t\t\t\t\t\t\t\t<\/figure>\n\t\t\t\t\t\t\t\t\t<\/div>\n\t\t\t\t<\/div>\n\t\t\t\t<\/div>\n\t\t\t\t\t<\/div>\n\t\t\t\t<\/div>\n\t\t<div class=\"elementor-element elementor-element-f0fd16f e-flex e-con-boxed wpr-particle-no wpr-jarallax-no wpr-parallax-no wpr-sticky-section-no wpr-equal-height-no e-con e-parent\" data-id=\"f0fd16f\" data-element_type=\"container\" data-e-type=\"container\">\n\t\t\t\t\t<div class=\"e-con-inner\">\n\t\t<div class=\"elementor-element elementor-element-24a985b e-con-full e-flex wpr-particle-no wpr-jarallax-no wpr-parallax-no wpr-sticky-section-no wpr-equal-height-no e-con e-child\" data-id=\"24a985b\" data-element_type=\"container\" data-e-type=\"container\">\n\t\t\t\t<div class=\"elementor-element elementor-element-a8a818a elementor-widget elementor-widget-image\" data-id=\"a8a818a\" data-element_type=\"widget\" data-e-type=\"widget\" data-widget_type=\"image.default\">\n\t\t\t\t<div class=\"elementor-widget-container\">\n\t\t\t\t\t\t\t\t\t\t\t\t<figure class=\"wp-caption\">\n\t\t\t\t\t\t\t\t\t\t<img decoding=\"async\" width=\"768\" height=\"1024\" src=\"https:\/\/advixy.com\/wp-content\/uploads\/2024\/05\/advixy_camara_de_comercio_canarias-768x1024.jpeg\" class=\"attachment-large size-large wp-image-678\" alt=\"\" srcset=\"https:\/\/advixy.com\/wp-content\/uploads\/2024\/05\/advixy_camara_de_comercio_canarias-768x1024.jpeg 768w, https:\/\/advixy.com\/wp-content\/uploads\/2024\/05\/advixy_camara_de_comercio_canarias-225x300.jpeg 225w, https:\/\/advixy.com\/wp-content\/uploads\/2024\/05\/advixy_camara_de_comercio_canarias-1152x1536.jpeg 1152w, https:\/\/advixy.com\/wp-content\/uploads\/2024\/05\/advixy_camara_de_comercio_canarias-1536x2048.jpeg 1536w, https:\/\/advixy.com\/wp-content\/uploads\/2024\/05\/advixy_camara_de_comercio_canarias-1000x1333.jpeg 1000w, https:\/\/advixy.com\/wp-content\/uploads\/2024\/05\/advixy_camara_de_comercio_canarias-230x307.jpeg 230w, https:\/\/advixy.com\/wp-content\/uploads\/2024\/05\/advixy_camara_de_comercio_canarias-350x467.jpeg 350w, https:\/\/advixy.com\/wp-content\/uploads\/2024\/05\/advixy_camara_de_comercio_canarias-480x640.jpeg 480w, https:\/\/advixy.com\/wp-content\/uploads\/2024\/05\/advixy_camara_de_comercio_canarias-scaled.jpeg 1920w\" sizes=\"(max-width: 768px) 100vw, 768px\" \/>\t\t\t\t\t\t\t\t\t\t\t<figcaption class=\"widget-image-caption wp-caption-text\">Advixy accompanied by the different representatives of the Chambers of Commerce in the Canary Islands.<\/figcaption>\n\t\t\t\t\t\t\t\t\t\t<\/figure>\n\t\t\t\t\t\t\t\t\t<\/div>\n\t\t\t\t<\/div>\n\t\t\t\t<\/div>\n\t\t<div class=\"elementor-element elementor-element-837c1fa e-con-full e-flex wpr-particle-no wpr-jarallax-no wpr-parallax-no wpr-sticky-section-no wpr-equal-height-no e-con e-child\" data-id=\"837c1fa\" data-element_type=\"container\" data-e-type=\"container\">\n\t\t\t\t<div class=\"elementor-element elementor-element-40e0cff elementor-widget elementor-widget-text-editor\" data-id=\"40e0cff\" data-element_type=\"widget\" data-e-type=\"widget\" data-widget_type=\"text-editor.default\">\n\t\t\t\t<div class=\"elementor-widget-container\">\n\t\t\t\t\t\t\t\t\t<p><strong>Advixy was present at this event to inform the Ibero-American world about the tax benefits of the Canary Islands, which represent an ideal gateway to expand business to Europe and Africa, and to<\/strong>highlight how these advantages can facilitate the growth and internationalization of companies<strong>.<\/strong><\/p>\n<p>In addition to the business activities, this trip offered us the opportunity to learn more about the cultural aspects of Mexico and its rich tradition.\nThese moments allowed us not only to better understand the business environment, but also to appreciate the deep cultural heritage that Mexico has to offer.\nWe were also able to enjoy the amazing voice of Jos\u00e9 de Jes\u00fas Rodr\u00edguez C\u00e1rdenas, who delighted us with his music.  <\/p>\n<p> <\/p>\t\t\t\t\t\t\t\t<\/div>\n\t\t\t\t<\/div>\n\t\t<div class=\"elementor-element elementor-element-1120442 e-grid e-con-full wpr-particle-no wpr-jarallax-no wpr-parallax-no wpr-sticky-section-no wpr-equal-height-no e-con e-child\" data-id=\"1120442\" data-element_type=\"container\" data-e-type=\"container\">\n\t\t<div class=\"elementor-element elementor-element-57c08e5 e-con-full e-flex wpr-particle-no wpr-jarallax-no wpr-parallax-no wpr-sticky-section-no wpr-equal-height-no e-con e-child\" data-id=\"57c08e5\" data-element_type=\"container\" data-e-type=\"container\">\n\t\t\t\t<div class=\"elementor-element elementor-element-5dfe30e elementor-widget elementor-widget-text-editor\" data-id=\"5dfe30e\" data-element_type=\"widget\" data-e-type=\"widget\" data-widget_type=\"text-editor.default\">\n\t\t\t\t<div class=\"elementor-widget-container\">\n\t\t\t\t\t\t\t\t\t<p>The last day focused on sustainability within the framework of the Agenda two thousand and thirty, with a panel that included several experts such as Ovidio Claros Polanco, Natalio Mario Grinman, Xavier Coronas, Roberto de la Torre, M\u00f3nica Conde and Alejandro G\u00f3mez Tamez, who referred to the regional economy.\nThe day concluded with a splendid closing dinner, where we had the pleasure of celebrating the bonds forged and the knowledge acquired, framed by these significant anniversaries. <\/p>\n<p>Thank you for following us on this journey and we hope we have inspired you to explore new opportunities across borders!<\/p>\t\t\t\t\t\t\t\t<\/div>\n\t\t\t\t<\/div>\n\t\t\t\t<\/div>\n\t\t<div class=\"elementor-element elementor-element-19d4f7f e-con-full e-flex wpr-particle-no wpr-jarallax-no wpr-parallax-no wpr-sticky-section-no wpr-equal-height-no e-con e-child\" data-id=\"19d4f7f\" data-element_type=\"container\" data-e-type=\"container\">\n\t\t\t\t<div class=\"elementor-element elementor-element-156d566 elementor-widget elementor-widget-image\" data-id=\"156d566\" data-element_type=\"widget\" data-e-type=\"widget\" data-widget_type=\"image.default\">\n\t\t\t\t<div class=\"elementor-widget-container\">\n\t\t\t\t\t\t\t\t\t\t\t\t<figure class=\"wp-caption\">\n\t\t\t\t\t\t\t\t\t\t<img decoding=\"async\" width=\"300\" height=\"225\" src=\"https:\/\/advixy.com\/wp-content\/uploads\/2024\/05\/cena_clausura-300x225.jpeg\" class=\"attachment-medium size-medium wp-image-655\" alt=\"\" srcset=\"https:\/\/advixy.com\/wp-content\/uploads\/2024\/05\/cena_clausura-300x225.jpeg 300w, https:\/\/advixy.com\/wp-content\/uploads\/2024\/05\/cena_clausura-1024x768.jpeg 1024w, https:\/\/advixy.com\/wp-content\/uploads\/2024\/05\/cena_clausura-768x576.jpeg 768w, https:\/\/advixy.com\/wp-content\/uploads\/2024\/05\/cena_clausura-1536x1152.jpeg 1536w, https:\/\/advixy.com\/wp-content\/uploads\/2024\/05\/cena_clausura-2048x1536.jpeg 2048w, https:\/\/advixy.com\/wp-content\/uploads\/2024\/05\/cena_clausura-1000x750.jpeg 1000w, https:\/\/advixy.com\/wp-content\/uploads\/2024\/05\/cena_clausura-230x173.jpeg 230w, https:\/\/advixy.com\/wp-content\/uploads\/2024\/05\/cena_clausura-350x263.jpeg 350w, https:\/\/advixy.com\/wp-content\/uploads\/2024\/05\/cena_clausura-480x360.jpeg 480w\" sizes=\"(max-width: 300px) 100vw, 300px\" \/>\t\t\t\t\t\t\t\t\t\t\t<figcaption class=\"widget-image-caption wp-caption-text\">  The Advixy delegate team<\/figcaption>\n\t\t\t\t\t\t\t\t\t\t<\/figure>\n\t\t\t\t\t\t\t\t\t<\/div>\n\t\t\t\t<\/div>\n\t\t\t\t<\/div>\n\t\t\t\t<\/div>\n\t\t\t\t<\/div>\n\t\t\t\t\t<\/div>\n\t\t\t\t<\/div>\n\t\t\t\t<\/div>\n\t\t","protected":false},"excerpt":{"rendered":"<p>Mexico City, May 18-21, 2024 We would like to share with you our exciting trip to Mexico City, organized by AICO on the occasion of the fifty-second meeting of the Board of Directors of the Ibero-American Association of Chambers of Commerce, Industry and Services.This event coincided with the celebration of the sesquicentennial anniversary of CANACO CDMX, the oldest Chamber in Latin America, and the ninetieth anniversary of the Inter-American Commercial Arbitration Commission, CIAC, which added special significance to our participation. The first evening we enjoyed a fantastic welcome cocktail party, where we were able to begin making valuable connections and prepare for the days ahead.Our trip continued with a tour of the city, exploring historic sites such as Coyoac\u00e1n and the Church of San Juan Bautista, followed by a cultural experience at the Coyoac\u00e1n Market. This was a perfect prelude to what would be an enriching series of events. We attended the official inauguration with speeches by important dignitaries, some of them being: Jos\u00e9 de Jes\u00fas Rodr\u00edguez C\u00e1rdenas, Francisco Herrero, Liliana S\u00e1nchez, Mart\u00ed Batres Guadarrama, Miguel Torruco Marqu\u00e9s and Nathalie Desplas. Then focused on crucial topics such as artificial intelligence and disruptive technologies, highlighting a keynote lecture by Fr\u00e9d\u00e9ric Garc\u00eda. We participated in talks on nearshoring and renewable energies, with panelists such as Altagracia G\u00f3mez, Carla Medina and \u00c1ngel Asensio, who offered valuable perspectives on these emerging sectors. There was also a conservatory on the Ibero-American economic situation with important panelists such as Juli\u00e1n Dom\u00ednguez, Larry Rubin, V\u00edctor Pav\u00f3n Villamayor and Vicente Guti\u00e9rrez Camposeco. Advixy, the President of AICO and the Chamber of Commerce of Seville, the Director of the International Area of the Chamber of Commerce of Seville Advixy accompanied by the different representatives of the Chambers of Commerce in the Canary Islands. Advixy was present at this event to inform the Ibero-American world about the tax benefits of the Canary Islands, which represent an ideal gateway to expand business to Europe and Africa, and tohighlight how these advantages can facilitate the growth and internationalization of companies. In addition to the business activities, this trip offered us the opportunity to learn more about the cultural aspects of Mexico and its rich tradition. These moments allowed us not only to better understand the business environment, but also to appreciate the deep cultural heritage that Mexico has to offer. We were also able to enjoy the amazing voice of Jos\u00e9 de Jes\u00fas Rodr\u00edguez C\u00e1rdenas, who delighted us with his music. The last day focused on sustainability within the framework of the Agenda two thousand and thirty, with a panel that included several experts such as Ovidio Claros Polanco, Natalio Mario Grinman, Xavier Coronas, Roberto de la Torre, M\u00f3nica Conde and Alejandro G\u00f3mez Tamez, who referred to the regional economy. The day concluded with a splendid closing dinner, where we had the pleasure of celebrating the bonds forged and the knowledge acquired, framed by these significant anniversaries. Thank you for following us on this journey and we hope we have inspired you to explore new opportunities across borders! The Advixy delegate team<\/p>\n","protected":false},"author":1,"featured_media":537,"parent":0,"menu_order":0,"comment_status":"closed","ping_status":"closed","template":"","meta":{"footnotes":""},"class_list":["post-580","page","type-page","status-publish","has-post-thumbnail","hentry"],"_links":{"self":[{"href":"https:\/\/advixy.com\/en\/wp-json\/wp\/v2\/pages\/580","targetHints":{"allow":["GET"]}}],"collection":[{"href":"https:\/\/advixy.com\/en\/wp-json\/wp\/v2\/pages"}],"about":[{"href":"https:\/\/advixy.com\/en\/wp-json\/wp\/v2\/types\/page"}],"author":[{"embeddable":true,"href":"https:\/\/advixy.com\/en\/wp-json\/wp\/v2\/users\/1"}],"replies":[{"embeddable":true,"href":"https:\/\/advixy.com\/en\/wp-json\/wp\/v2\/comments?post=580"}],"version-history":[{"count":21,"href":"https:\/\/advixy.com\/en\/wp-json\/wp\/v2\/pages\/580\/revisions"}],"predecessor-version":[{"id":3291,"href":"https:\/\/advixy.com\/en\/wp-json\/wp\/v2\/pages\/580\/revisions\/3291"}],"wp:featuredmedia":[{"embeddable":true,"href":"https:\/\/advixy.com\/en\/wp-json\/wp\/v2\/media\/537"}],"wp:attachment":[{"href":"https:\/\/advixy.com\/en\/wp-json\/wp\/v2\/media?parent=580"}],"curies":[{"name":"wp","href":"https:\/\/api.w.org\/{rel}","templated":true}]}}