
{"id":584,"date":"2024-04-19T00:33:51","date_gmt":"2024-04-18T22:33:51","guid":{"rendered":"https:\/\/advixy.com\/advixy-segna-la-sua-presenza-allevento-internazionale-in-messico-in-rappresentanza-delle-isole-canarie\/"},"modified":"2024-10-17T00:21:12","modified_gmt":"2024-10-16T22:21:12","slug":"advixy-segna-la-sua-presenza-allevento-internazionale-in-messico-in-rappresentanza-delle-isole-canarie","status":"publish","type":"page","link":"https:\/\/advixy.com\/it\/advixy-segna-la-sua-presenza-allevento-internazionale-in-messico-in-rappresentanza-delle-isole-canarie\/","title":{"rendered":"Advixy segna la sua presenza alla 52esima riunione del consiglio direttivo dell&#8217;AICO a Citt\u00e0 del Messico"},"content":{"rendered":"\t\t<div data-elementor-type=\"wp-page\" data-elementor-id=\"584\" class=\"elementor elementor-584 elementor-382\">\n\t\t\t\t<div class=\"elementor-element elementor-element-9aa8b67 e-flex e-con-boxed wpr-particle-no wpr-jarallax-no wpr-parallax-no wpr-sticky-section-no wpr-equal-height-no e-con e-parent\" data-id=\"9aa8b67\" data-element_type=\"container\" data-e-type=\"container\">\n\t\t\t\t\t<div class=\"e-con-inner\">\n\t\t\t\t<div class=\"elementor-element elementor-element-406a327 elementor-widget elementor-widget-video\" data-id=\"406a327\" data-element_type=\"widget\" data-e-type=\"widget\" data-settings=\"{&quot;youtube_url&quot;:&quot;https:\\\/\\\/www.youtube.com\\\/watch?v=GIcHhfKfXR4&quot;,&quot;video_type&quot;:&quot;youtube&quot;,&quot;controls&quot;:&quot;yes&quot;}\" data-widget_type=\"video.default\">\n\t\t\t\t<div class=\"elementor-widget-container\">\n\t\t\t\t\t\t\t<div class=\"elementor-wrapper elementor-open-inline\">\n\t\t\t<div class=\"elementor-video\"><\/div>\t\t<\/div>\n\t\t\t\t\t\t<\/div>\n\t\t\t\t<\/div>\n\t\t\t\t\t<\/div>\n\t\t\t\t<\/div>\n\t\t<div class=\"elementor-element elementor-element-8a72919 e-flex e-con-boxed wpr-particle-no wpr-jarallax-no wpr-parallax-no wpr-sticky-section-no wpr-equal-height-no e-con e-parent\" data-id=\"8a72919\" data-element_type=\"container\" data-e-type=\"container\">\n\t\t\t\t\t<div class=\"e-con-inner\">\n\t\t\t\t<div class=\"elementor-element elementor-element-7b0b271 elementor-widget elementor-widget-heading\" data-id=\"7b0b271\" data-element_type=\"widget\" data-e-type=\"widget\" data-widget_type=\"heading.default\">\n\t\t\t\t<div class=\"elementor-widget-container\">\n\t\t\t\t\t<h2 class=\"elementor-heading-title elementor-size-default\">Citt\u00e0 del Messico, 18-21 maggio 2024<\/h2>\t\t\t\t<\/div>\n\t\t\t\t<\/div>\n\t\t\t\t\t<\/div>\n\t\t\t\t<\/div>\n\t\t<div class=\"elementor-element elementor-element-6b09d2c e-flex e-con-boxed wpr-particle-no wpr-jarallax-no wpr-parallax-no wpr-sticky-section-no wpr-equal-height-no e-con e-parent\" data-id=\"6b09d2c\" data-element_type=\"container\" data-e-type=\"container\">\n\t\t\t\t\t<div class=\"e-con-inner\">\n\t\t\t\t<div class=\"elementor-element elementor-element-283c5e7 elementor-widget elementor-widget-text-editor\" data-id=\"283c5e7\" data-element_type=\"widget\" data-e-type=\"widget\" data-widget_type=\"text-editor.default\">\n\t\t\t\t<div class=\"elementor-widget-container\">\n\t\t\t\t\t\t\t\t\t<p>Desideriamo condividere con voi il nostro emozionante viaggio a <strong>Citt\u00e0 del Messico<\/strong>, organizzato dall&#8217;<strong>AICO<\/strong> in occasione della cinquantaduesima riunione del Consiglio di Amministrazione dell&#8217;Associazione Iberoamericana delle Camere di Commercio, Industria e Servizi. Questo evento ha coinciso con la celebrazione del sesquicentenario della <strong>CANACO CDMX<\/strong>, la Camera pi\u00f9 antica dell&#8217;America Latina, e con il novantesimo anniversario della Commissione Interamericana di Arbitrato Commerciale (<strong>CIAC)<\/strong>, il che ha aggiunto un significato speciale alla nostra partecipazione.<\/p>\n\t\t\t\t\t\t\t\t<\/div>\n\t\t\t\t<\/div>\n\t\t\t\t\t<\/div>\n\t\t\t\t<\/div>\n\t\t<div class=\"elementor-element elementor-element-2e155c3 e-flex e-con-boxed wpr-particle-no wpr-jarallax-no wpr-parallax-no wpr-sticky-section-no wpr-equal-height-no e-con e-parent\" data-id=\"2e155c3\" data-element_type=\"container\" data-e-type=\"container\">\n\t\t\t\t\t<div class=\"e-con-inner\">\n\t\t<div class=\"elementor-element elementor-element-fc03d3b e-con-full e-flex wpr-particle-no wpr-jarallax-no wpr-parallax-no wpr-sticky-section-no wpr-equal-height-no e-con e-child\" data-id=\"fc03d3b\" data-element_type=\"container\" data-e-type=\"container\">\n\t\t\t\t<div class=\"elementor-element elementor-element-27a9f74 elementor-widget elementor-widget-text-editor\" data-id=\"27a9f74\" data-element_type=\"widget\" data-e-type=\"widget\" data-widget_type=\"text-editor.default\">\n\t\t\t\t<div class=\"elementor-widget-container\">\n\t\t\t\t\t\t\t\t\t<p><br>La prima sera abbiamo assistito a un fantastico cocktail di benvenuto, durante il quale abbiamo potuto iniziare a stringere legami preziosi e a prepararci per i giorni a venire. Il nostro viaggio \u00e8 proseguito con un tour della citt\u00e0, esplorando siti storici come Coyoac\u00e1n e la Chiesa di San Juan Bautista, seguito da un&#8217;esperienza culturale nel mercato di Coyoac\u00e1n. Questo \u00e8 stato un perfetto preludio a quella che sarebbe stata una serie di eventi arricchenti.<\/p>\n<p>Abbiamo partecipato all&#8217;inaugurazione ufficiale con i discorsi di importanti personalit\u00e0, tra cui Jos\u00e9 de Jes\u00fas Rodr\u00edguez C\u00e1rdenas, Francisco Herrero, Liliana S\u00e1nchez, Mart\u00ed Batres Guadarrama, Miguel Torruco Marqu\u00e9s e Nathalie Desplas. Si \u00e8 poi concentrata su argomenti cruciali come l&#8217;intelligenza artificiale e le tecnologie dirompenti, evidenziando una conferenza chiave di Fr\u00e9d\u00e9ric Garcia. Abbiamo partecipato a discussioni sul nearshoring e sulle energie rinnovabili, con relatori come Altagracia G\u00f3mez, Carla Medina e \u00c1ngel Asensio, che hanno offerto preziose prospettive su questi settori emergenti. C&#8217;\u00e8 stato anche un seminario sulla situazione economica iberoamericana con importanti relatori come Juli\u00e1n Dom\u00ednguez, Larry Rubin, V\u00edctor Pav\u00f3n Villamayor e Vicente Guti\u00e9rrez Camposeco.<\/p>\t\t\t\t\t\t\t\t<\/div>\n\t\t\t\t<\/div>\n\t\t\t\t<\/div>\n\t\t<div class=\"elementor-element elementor-element-4970a7d e-con-full e-flex wpr-particle-no wpr-jarallax-no wpr-parallax-no wpr-sticky-section-no wpr-equal-height-no e-con e-child\" data-id=\"4970a7d\" data-element_type=\"container\" data-e-type=\"container\">\n\t\t\t\t<div class=\"elementor-element elementor-element-1e7b029 elementor-widget elementor-widget-image\" data-id=\"1e7b029\" data-element_type=\"widget\" data-e-type=\"widget\" data-widget_type=\"image.default\">\n\t\t\t\t<div class=\"elementor-widget-container\">\n\t\t\t\t\t\t\t\t\t\t\t\t<figure class=\"wp-caption\">\n\t\t\t\t\t\t\t\t\t\t<img fetchpriority=\"high\" decoding=\"async\" width=\"960\" height=\"720\" src=\"https:\/\/advixy.com\/wp-content\/uploads\/2024\/05\/advixy_aico_sevilla-1-1024x768.jpeg\" class=\"attachment-large size-large wp-image-666\" alt=\"advixy_aico_mexico_canarias\" srcset=\"https:\/\/advixy.com\/wp-content\/uploads\/2024\/05\/advixy_aico_sevilla-1-1024x768.jpeg 1024w, https:\/\/advixy.com\/wp-content\/uploads\/2024\/05\/advixy_aico_sevilla-1-300x225.jpeg 300w, https:\/\/advixy.com\/wp-content\/uploads\/2024\/05\/advixy_aico_sevilla-1-768x576.jpeg 768w, https:\/\/advixy.com\/wp-content\/uploads\/2024\/05\/advixy_aico_sevilla-1-1536x1152.jpeg 1536w, https:\/\/advixy.com\/wp-content\/uploads\/2024\/05\/advixy_aico_sevilla-1-2048x1536.jpeg 2048w, https:\/\/advixy.com\/wp-content\/uploads\/2024\/05\/advixy_aico_sevilla-1-1000x750.jpeg 1000w, https:\/\/advixy.com\/wp-content\/uploads\/2024\/05\/advixy_aico_sevilla-1-230x173.jpeg 230w, https:\/\/advixy.com\/wp-content\/uploads\/2024\/05\/advixy_aico_sevilla-1-350x263.jpeg 350w, https:\/\/advixy.com\/wp-content\/uploads\/2024\/05\/advixy_aico_sevilla-1-480x360.jpeg 480w\" sizes=\"(max-width: 960px) 100vw, 960px\" \/>\t\t\t\t\t\t\t\t\t\t\t<figcaption class=\"widget-image-caption wp-caption-text\">Advixy, il Presidente dell'AICO e della Camera di Commercio di Siviglia, il Direttore dell'Area Internazionale della Camera di Commercio di Siviglia e il Direttore dell'Area Internazionale della Camera di Commercio di Siviglia.<\/figcaption>\n\t\t\t\t\t\t\t\t\t\t<\/figure>\n\t\t\t\t\t\t\t\t\t<\/div>\n\t\t\t\t<\/div>\n\t\t\t\t<\/div>\n\t\t\t\t\t<\/div>\n\t\t\t\t<\/div>\n\t\t<div class=\"elementor-element elementor-element-f0fd16f e-flex e-con-boxed wpr-particle-no wpr-jarallax-no wpr-parallax-no wpr-sticky-section-no wpr-equal-height-no e-con e-parent\" data-id=\"f0fd16f\" data-element_type=\"container\" data-e-type=\"container\">\n\t\t\t\t\t<div class=\"e-con-inner\">\n\t\t<div class=\"elementor-element elementor-element-24a985b e-con-full e-flex wpr-particle-no wpr-jarallax-no wpr-parallax-no wpr-sticky-section-no wpr-equal-height-no e-con e-child\" data-id=\"24a985b\" data-element_type=\"container\" data-e-type=\"container\">\n\t\t\t\t<div class=\"elementor-element elementor-element-a8a818a elementor-widget elementor-widget-image\" data-id=\"a8a818a\" data-element_type=\"widget\" data-e-type=\"widget\" data-widget_type=\"image.default\">\n\t\t\t\t<div class=\"elementor-widget-container\">\n\t\t\t\t\t\t\t\t\t\t\t\t<figure class=\"wp-caption\">\n\t\t\t\t\t\t\t\t\t\t<img decoding=\"async\" width=\"768\" height=\"1024\" src=\"https:\/\/advixy.com\/wp-content\/uploads\/2024\/05\/advixy_camara_de_comercio_canarias-768x1024.jpeg\" class=\"attachment-large size-large wp-image-679\" alt=\"\" srcset=\"https:\/\/advixy.com\/wp-content\/uploads\/2024\/05\/advixy_camara_de_comercio_canarias-768x1024.jpeg 768w, https:\/\/advixy.com\/wp-content\/uploads\/2024\/05\/advixy_camara_de_comercio_canarias-225x300.jpeg 225w, https:\/\/advixy.com\/wp-content\/uploads\/2024\/05\/advixy_camara_de_comercio_canarias-1152x1536.jpeg 1152w, https:\/\/advixy.com\/wp-content\/uploads\/2024\/05\/advixy_camara_de_comercio_canarias-1536x2048.jpeg 1536w, https:\/\/advixy.com\/wp-content\/uploads\/2024\/05\/advixy_camara_de_comercio_canarias-1000x1333.jpeg 1000w, https:\/\/advixy.com\/wp-content\/uploads\/2024\/05\/advixy_camara_de_comercio_canarias-230x307.jpeg 230w, https:\/\/advixy.com\/wp-content\/uploads\/2024\/05\/advixy_camara_de_comercio_canarias-350x467.jpeg 350w, https:\/\/advixy.com\/wp-content\/uploads\/2024\/05\/advixy_camara_de_comercio_canarias-480x640.jpeg 480w, https:\/\/advixy.com\/wp-content\/uploads\/2024\/05\/advixy_camara_de_comercio_canarias-scaled.jpeg 1920w\" sizes=\"(max-width: 768px) 100vw, 768px\" \/>\t\t\t\t\t\t\t\t\t\t\t<figcaption class=\"widget-image-caption wp-caption-text\">Advixy accompagnato dai diversi rappresentanti delle Camere di Commercio delle Isole Canarie.<\/figcaption>\n\t\t\t\t\t\t\t\t\t\t<\/figure>\n\t\t\t\t\t\t\t\t\t<\/div>\n\t\t\t\t<\/div>\n\t\t\t\t<\/div>\n\t\t<div class=\"elementor-element elementor-element-837c1fa e-con-full e-flex wpr-particle-no wpr-jarallax-no wpr-parallax-no wpr-sticky-section-no wpr-equal-height-no e-con e-child\" data-id=\"837c1fa\" data-element_type=\"container\" data-e-type=\"container\">\n\t\t\t\t<div class=\"elementor-element elementor-element-40e0cff elementor-widget elementor-widget-text-editor\" data-id=\"40e0cff\" data-element_type=\"widget\" data-e-type=\"widget\" data-widget_type=\"text-editor.default\">\n\t\t\t\t<div class=\"elementor-widget-container\">\n\t\t\t\t\t\t\t\t\t<p><strong>Advixy era presente a questo evento per informare il mondo iberoamericano sui vantaggi fiscali delle Isole Canarie, che rappresentano una porta d&#8217;accesso ideale per espandere il business verso l&#8217;Europa e l&#8217;Africa, e per<\/strong>evidenziare come questi vantaggi possano facilitare la crescita e l&#8217;internazionalizzazione delle aziende<strong>.<\/strong><\/p>\n<p>Oltre alle attivit\u00e0 commerciali, questo viaggio ci ha offerto l&#8217;opportunit\u00e0 di conoscere meglio gli aspetti culturali del Messico e la sua ricca tradizione. Questi momenti ci hanno permesso non solo di comprendere meglio l&#8217;ambiente commerciale, ma anche di apprezzare il profondo patrimonio culturale che il Messico ha da offrire. Abbiamo anche potuto godere della voce straordinaria di Jos\u00e9 de Jes\u00fas Rodr\u00edguez C\u00e1rdenas, che ci ha deliziato con la sua musica.<\/p>\n<p> <\/p>\t\t\t\t\t\t\t\t<\/div>\n\t\t\t\t<\/div>\n\t\t<div class=\"elementor-element elementor-element-1120442 e-grid e-con-full wpr-particle-no wpr-jarallax-no wpr-parallax-no wpr-sticky-section-no wpr-equal-height-no e-con e-child\" data-id=\"1120442\" data-element_type=\"container\" data-e-type=\"container\">\n\t\t<div class=\"elementor-element elementor-element-57c08e5 e-con-full e-flex wpr-particle-no wpr-jarallax-no wpr-parallax-no wpr-sticky-section-no wpr-equal-height-no e-con e-child\" data-id=\"57c08e5\" data-element_type=\"container\" data-e-type=\"container\">\n\t\t\t\t<div class=\"elementor-element elementor-element-5dfe30e elementor-widget elementor-widget-text-editor\" data-id=\"5dfe30e\" data-element_type=\"widget\" data-e-type=\"widget\" data-widget_type=\"text-editor.default\">\n\t\t\t\t<div class=\"elementor-widget-container\">\n\t\t\t\t\t\t\t\t\t<p>La giornata conclusiva si \u00e8 concentrata sulla sostenibilit\u00e0 nell&#8217;ambito dell&#8217;Agenda Duemilatrenta, con un panel che comprendeva diversi esperti come Ovidio Claros Polanco, Natalio Mario Grinman, Xavier Coronas, Roberto de la Torre, M\u00f3nica Conde e Alejandro G\u00f3mez Tamez, che hanno fatto riferimento all&#8217;economia regionale. La giornata si \u00e8 conclusa con una splendida cena di chiusura, in cui abbiamo avuto il piacere di celebrare i legami creati e le conoscenze acquisite, incorniciate da questi significativi anniversari.<\/p>\n<p>Grazie per averci seguito in questo viaggio e speriamo di averti ispirato a esplorare nuove opportunit\u00e0 oltre confine!<\/p>\t\t\t\t\t\t\t\t<\/div>\n\t\t\t\t<\/div>\n\t\t\t\t<\/div>\n\t\t<div class=\"elementor-element elementor-element-19d4f7f e-con-full e-flex wpr-particle-no wpr-jarallax-no wpr-parallax-no wpr-sticky-section-no wpr-equal-height-no e-con e-child\" data-id=\"19d4f7f\" data-element_type=\"container\" data-e-type=\"container\">\n\t\t\t\t<div class=\"elementor-element elementor-element-156d566 elementor-widget elementor-widget-image\" data-id=\"156d566\" data-element_type=\"widget\" data-e-type=\"widget\" data-widget_type=\"image.default\">\n\t\t\t\t<div class=\"elementor-widget-container\">\n\t\t\t\t\t\t\t\t\t\t\t\t<figure class=\"wp-caption\">\n\t\t\t\t\t\t\t\t\t\t<img decoding=\"async\" width=\"300\" height=\"225\" src=\"https:\/\/advixy.com\/wp-content\/uploads\/2024\/05\/cena_clausura-300x225.jpeg\" class=\"attachment-medium size-medium wp-image-656\" alt=\"\" srcset=\"https:\/\/advixy.com\/wp-content\/uploads\/2024\/05\/cena_clausura-300x225.jpeg 300w, https:\/\/advixy.com\/wp-content\/uploads\/2024\/05\/cena_clausura-1024x768.jpeg 1024w, https:\/\/advixy.com\/wp-content\/uploads\/2024\/05\/cena_clausura-768x576.jpeg 768w, https:\/\/advixy.com\/wp-content\/uploads\/2024\/05\/cena_clausura-1536x1152.jpeg 1536w, https:\/\/advixy.com\/wp-content\/uploads\/2024\/05\/cena_clausura-2048x1536.jpeg 2048w, https:\/\/advixy.com\/wp-content\/uploads\/2024\/05\/cena_clausura-1000x750.jpeg 1000w, https:\/\/advixy.com\/wp-content\/uploads\/2024\/05\/cena_clausura-230x173.jpeg 230w, https:\/\/advixy.com\/wp-content\/uploads\/2024\/05\/cena_clausura-350x263.jpeg 350w, https:\/\/advixy.com\/wp-content\/uploads\/2024\/05\/cena_clausura-480x360.jpeg 480w\" sizes=\"(max-width: 300px) 100vw, 300px\" \/>\t\t\t\t\t\t\t\t\t\t\t<figcaption class=\"widget-image-caption wp-caption-text\">  Il team delegato di Advixy<\/figcaption>\n\t\t\t\t\t\t\t\t\t\t<\/figure>\n\t\t\t\t\t\t\t\t\t<\/div>\n\t\t\t\t<\/div>\n\t\t\t\t<\/div>\n\t\t\t\t<\/div>\n\t\t\t\t<\/div>\n\t\t\t\t\t<\/div>\n\t\t\t\t<\/div>\n\t\t\t\t<\/div>\n\t\t","protected":false},"excerpt":{"rendered":"<p>Citt\u00e0 del Messico, 18-21 maggio 2024 Desideriamo condividere con voi il nostro emozionante viaggio a Citt\u00e0 del Messico, organizzato dall&#8217;AICO in occasione della cinquantaduesima riunione del Consiglio di Amministrazione dell&#8217;Associazione Iberoamericana delle Camere di Commercio, Industria e Servizi. Questo evento ha coinciso con la celebrazione del sesquicentenario della CANACO CDMX, la Camera pi\u00f9 antica dell&#8217;America Latina, e con il novantesimo anniversario della Commissione Interamericana di Arbitrato Commerciale (CIAC), il che ha aggiunto un significato speciale alla nostra partecipazione. La prima sera abbiamo assistito a un fantastico cocktail di benvenuto, durante il quale abbiamo potuto iniziare a stringere legami preziosi e a prepararci per i giorni a venire. Il nostro viaggio \u00e8 proseguito con un tour della citt\u00e0, esplorando siti storici come Coyoac\u00e1n e la Chiesa di San Juan Bautista, seguito da un&#8217;esperienza culturale nel mercato di Coyoac\u00e1n. Questo \u00e8 stato un perfetto preludio a quella che sarebbe stata una serie di eventi arricchenti. Abbiamo partecipato all&#8217;inaugurazione ufficiale con i discorsi di importanti personalit\u00e0, tra cui Jos\u00e9 de Jes\u00fas Rodr\u00edguez C\u00e1rdenas, Francisco Herrero, Liliana S\u00e1nchez, Mart\u00ed Batres Guadarrama, Miguel Torruco Marqu\u00e9s e Nathalie Desplas. Si \u00e8 poi concentrata su argomenti cruciali come l&#8217;intelligenza artificiale e le tecnologie dirompenti, evidenziando una conferenza chiave di Fr\u00e9d\u00e9ric Garcia. Abbiamo partecipato a discussioni sul nearshoring e sulle energie rinnovabili, con relatori come Altagracia G\u00f3mez, Carla Medina e \u00c1ngel Asensio, che hanno offerto preziose prospettive su questi settori emergenti. C&#8217;\u00e8 stato anche un seminario sulla situazione economica iberoamericana con importanti relatori come Juli\u00e1n Dom\u00ednguez, Larry Rubin, V\u00edctor Pav\u00f3n Villamayor e Vicente Guti\u00e9rrez Camposeco. Advixy, il Presidente dell&#8217;AICO e della Camera di Commercio di Siviglia, il Direttore dell&#8217;Area Internazionale della Camera di Commercio di Siviglia e il Direttore dell&#8217;Area Internazionale della Camera di Commercio di Siviglia. Advixy accompagnato dai diversi rappresentanti delle Camere di Commercio delle Isole Canarie. Advixy era presente a questo evento per informare il mondo iberoamericano sui vantaggi fiscali delle Isole Canarie, che rappresentano una porta d&#8217;accesso ideale per espandere il business verso l&#8217;Europa e l&#8217;Africa, e perevidenziare come questi vantaggi possano facilitare la crescita e l&#8217;internazionalizzazione delle aziende. Oltre alle attivit\u00e0 commerciali, questo viaggio ci ha offerto l&#8217;opportunit\u00e0 di conoscere meglio gli aspetti culturali del Messico e la sua ricca tradizione. Questi momenti ci hanno permesso non solo di comprendere meglio l&#8217;ambiente commerciale, ma anche di apprezzare il profondo patrimonio culturale che il Messico ha da offrire. Abbiamo anche potuto godere della voce straordinaria di Jos\u00e9 de Jes\u00fas Rodr\u00edguez C\u00e1rdenas, che ci ha deliziato con la sua musica. La giornata conclusiva si \u00e8 concentrata sulla sostenibilit\u00e0 nell&#8217;ambito dell&#8217;Agenda Duemilatrenta, con un panel che comprendeva diversi esperti come Ovidio Claros Polanco, Natalio Mario Grinman, Xavier Coronas, Roberto de la Torre, M\u00f3nica Conde e Alejandro G\u00f3mez Tamez, che hanno fatto riferimento all&#8217;economia regionale. La giornata si \u00e8 conclusa con una splendida cena di chiusura, in cui abbiamo avuto il piacere di celebrare i legami creati e le conoscenze acquisite, incorniciate da questi significativi anniversari. Grazie per averci seguito in questo viaggio e speriamo di averti ispirato a esplorare nuove opportunit\u00e0 oltre confine! Il team delegato di Advixy<\/p>\n","protected":false},"author":1,"featured_media":538,"parent":0,"menu_order":0,"comment_status":"closed","ping_status":"closed","template":"","meta":{"footnotes":""},"class_list":["post-584","page","type-page","status-publish","has-post-thumbnail","hentry"],"_links":{"self":[{"href":"https:\/\/advixy.com\/it\/wp-json\/wp\/v2\/pages\/584","targetHints":{"allow":["GET"]}}],"collection":[{"href":"https:\/\/advixy.com\/it\/wp-json\/wp\/v2\/pages"}],"about":[{"href":"https:\/\/advixy.com\/it\/wp-json\/wp\/v2\/types\/page"}],"author":[{"embeddable":true,"href":"https:\/\/advixy.com\/it\/wp-json\/wp\/v2\/users\/1"}],"replies":[{"embeddable":true,"href":"https:\/\/advixy.com\/it\/wp-json\/wp\/v2\/comments?post=584"}],"version-history":[{"count":14,"href":"https:\/\/advixy.com\/it\/wp-json\/wp\/v2\/pages\/584\/revisions"}],"predecessor-version":[{"id":3288,"href":"https:\/\/advixy.com\/it\/wp-json\/wp\/v2\/pages\/584\/revisions\/3288"}],"wp:featuredmedia":[{"embeddable":true,"href":"https:\/\/advixy.com\/it\/wp-json\/wp\/v2\/media\/538"}],"wp:attachment":[{"href":"https:\/\/advixy.com\/it\/wp-json\/wp\/v2\/media?parent=584"}],"curies":[{"name":"wp","href":"https:\/\/api.w.org\/{rel}","templated":true}]}}