
{"id":597,"date":"2023-06-28T12:29:58","date_gmt":"2023-06-28T10:29:58","guid":{"rendered":"https:\/\/advixy.com\/informativa-sulla-privacy\/"},"modified":"2024-09-19T21:59:03","modified_gmt":"2024-09-19T19:59:03","slug":"informativa-sulla-privacy","status":"publish","type":"page","link":"https:\/\/advixy.com\/it\/informativa-sulla-privacy\/","title":{"rendered":"Informativa sulla privacy"},"content":{"rendered":"<h1 class=\"wp-block-post-title\">Informativa sulla privacy<\/h1>\n<p><strong>INFORMAZIONI SULLA PROTEZIONE DEI DATI<\/strong><\/p>\n\n<p>Responsabile del trattamento: Advixy, S.L.U.<\/p>\n\n<p>C.I.F.: B05495445<\/p>\n\n<p>Indirizzo principale di contatto: Av. Santa Cruz 76 &#8211; 38500 Santa Cruz de Tenerife.<\/p>\n\n<p>E-mail: <a href=\"mailto:info@advixy.com\" target=\"_blank\" rel=\"noreferrer noopener\">info@advixy.com<\/a><\/p>\n\n<p>La tua sicurezza \u00e8 importante per noi, per questo ti informiamo tacitamente sul trattamento dei tuoi dati.<\/p>\n\n<p>Lo <strong>scopo del trattamento \u00e8 quello<\/strong>di contrattare servizi, inviare preventivi, rispondere alla tua richiesta, elaborare la tua richiesta, mantenere il rapporto contrattuale\/precontrattuale esistente, nonch\u00e9 l&#8217;invio di informazioni commerciali per via elettronica.<\/p>\n\n<p><strong>Legittimazione<\/strong><\/p>\n\n<p>La base giuridica per rispondere alle richieste sar\u00e0 il legittimo interesse a rispondere alle richieste. Nel caso in cui il servizio venga contrattato, la base giuridica sar\u00e0 il contratto stesso.<\/p>\n\n<p><strong>Diritti<\/strong><\/p>\n\n<p>Accesso, rettifica, cancellazione, limitazione del trattamento, opposizione e portabilit\u00e0 dei dati, come spiegato nelle informazioni aggiuntive.<\/p>\n\n<p><strong>Origine dei dati<\/strong><\/p>\n\n<p>Dati ottenuti dai clienti stessi e dati raccolti automaticamente (cookie).<\/p>\n\n<p><strong>INFORMAZIONI AGGIUNTIVE<\/strong><\/p>\n\n<p>1.- Informazioni generali, finalit\u00e0 dei dati, esercizio dei diritti e consenso al trattamento.<\/p>\n\n<p>In ottemperanza alle disposizioni del Regolamento (UE) 2016\/679 del Parlamento Europeo e del Consiglio del 27 aprile 2016 relativo alla protezione delle persone fisiche con riguardo al trattamento dei dati personali, nonch\u00e9 alla libera circolazione di tali dati e che abroga la direttiva 95\/46\/CE (General Data Protection Regulation &#8211; d&#8217;ora in poi, GDPR), Advixy, S.L.U., comunica che accettando la presente Informativa sulla Privacy l&#8217;utente fornisce il proprio consenso informato, espresso, libero e inequivocabile affinch\u00e9 i dati forniti attraverso il sito web vengano gestiti al fine di poter elaborare il servizio o le informazioni richieste, rispondere alla sua richiesta e\/o evadere la sua richiesta.<\/p>\n\n<p><strong>Per quali scopi trattiamo i tuoi dati personali?<\/strong><\/p>\n\n<p>In conformit\u00e0 alle disposizioni degli articoli 5 e 12 del RGPD ti informiamo di:<\/p>\n\n<p>Lo scopo della raccolta dei dati sar\u00e0 quello di occuparsi dei possibili rapporti che possono nascere tra l&#8217;utente e il fornitore del servizio, in particolare e senza limitazioni, contrattare servizi, inviare preventivi, rispondere alla tua richiesta, elaborare la tua richiesta, mantenere il rapporto contrattuale\/precontrattuale esistente, nonch\u00e9 inviare informazioni commerciali per via elettronica o per telefono.<\/p>\n\n<p>Nella compilazione dei moduli, possono essere presenti sezioni con carattere obbligatorio, ovvero quei campi contrassegnati da un asterisco (*), in quanto ritenuti necessari per la finalit\u00e0 perseguita, per cui l&#8217;omissione di uno di essi pu\u00f2 comportare l&#8217;impossibilit\u00e0 di inviare il quesito.<\/p>\n\n<p><strong>Quali sono i tuoi diritti quando ci fornisci i tuoi dati?<\/strong> <\/p>\n\n<p>In conformit\u00e0 alle disposizioni del GDPR, gli articoli 15 e seguenti stabiliscono condizioni specifiche sulla procedura da seguire per assistere gli interessati nell&#8217;esercizio dei loro diritti. Questi diritti sono i seguenti:<\/p>\n\n<p>Il diritto di richiedere l&#8217;accesso ai dati personali che lo riguardano, avendo il diritto di ottenere dal responsabile del trattamento la conferma che sia o meno in corso un trattamento di dati personali che lo riguardano e, in tal caso, il diritto di accesso ai dati personali. Allo stesso modo, \u00e8 riconosciuto il diritto di ottenere una copia dei dati personali trattati.<\/p>\n\n<p>Diritto di richiedere la rettifica o la cancellazione: l&#8217;interessato ha il diritto di ottenere dal responsabile del trattamento, senza indebito ritardo, la rettifica dei dati personali inesatti che lo riguardano. Inoltre, l&#8217;interessato ha il diritto di ottenere senza ingiustificato ritardo dal responsabile del trattamento la cancellazione dei dati personali che lo riguardano, il quale sar\u00e0 obbligato a cancellare i dati personali senza ingiustificato ritardo.<\/p>\n\n<p>Diritto di richiedere la limitazione del trattamento: ci\u00f2 significa che, su richiesta dell&#8217;interessato, le operazioni di trattamento applicabili in ciascun caso non saranno applicate ai suoi dati personali.<\/p>\n\n<p>Diritto di opposizione al trattamento: l&#8217;interessato ha il diritto di opporsi in qualsiasi momento al trattamento dei dati personali che lo riguardano.<\/p>\n\n<p>Diritto alla portabilit\u00e0 dei dati: la copia fornita all&#8217;interessato deve essere in un formato strutturato, comunemente utilizzato e leggibile a macchina.<\/p>\n\n<p>Questo pu\u00f2 essere fatto inviando una comunicazione scritta all&#8217;indirizzo e-mail <a href=\"mailto:admin@advixy.com\" target=\"_blank\" rel=\"noreferrer noopener\">admin@advixy.com.<\/a> La domanda deve contenere il nome e il cognome dell&#8217;interessato, una fotocopia della carta d&#8217;identit\u00e0 (o, se applicabile, del passaporto o del CIF), la richiesta specifica, l&#8217;indirizzo per le notifiche, la data, la firma e i documenti che accreditano la richiesta. I modelli sono disponibili all&#8217;indirizzo:<\/p>\n\n<p><a href=\"https:\/\/www.aepd.es\/reglamento\/derechos\/index.html.\" target=\"_blank\" rel=\"noopener\">https:\/\/www.aepd.es\/reglamento\/derechos\/index.html.<\/a><\/p>\n\n<p>Nel caso in cui tu abbia contattato il titolare del trattamento con un mezzo che ti consenta di provarlo e se il titolare del trattamento non ti ha risposto entro il termine stabilito o se ritieni che la risposta non sia adeguata, puoi rivolgerti all&#8217;Autorit\u00e0 di controllo (Agenzia spagnola per la protezione dei dati), seguendo la seguente procedura  <a href=\"https:\/\/sedeagpd.gob.es\/sede-electronica-web\/\" target=\"_blank\" rel=\"noreferrer noopener\">https:\/\/sedeagpd.gob.es\/sede-electronica-web\/<\/a><\/p>\n\n<p><strong>Per quanto tempo conserveremo i tuoi dati?<\/strong><\/p>\n\n<p>I dati personali saranno conservati nel modo seguente:<\/p>\n\n<p>I dati anonimizzati saranno conservati senza limiti di tempo per la cancellazione.<\/p>\n\n<p>I dati del cliente saranno conservati in base al servizio stipulato e, in ogni caso, per il periodo di tempo pi\u00f9 breve possibile. In ogni caso e in conformit\u00e0 con i rispettivi obblighi di legge, saranno conservati secondo le seguenti scadenze:<\/p>\n\n<p>5 anni, ai sensi dell&#8217;art. 1964 del Codice Civile;<\/p>\n\n<p>6 anni, ai sensi dell&#8217;art. 30 del Codice Commerciale.<\/p>\n\n<p>I dati degli iscritti alla newsletter saranno conservati dal momento dell&#8217;iscrizione dell&#8217;utente fino alla sua cancellazione.<\/p>\n\n<p>I dati dell&#8217;utente caricati da Advixy su pagine e profili di social network saranno conservati dal momento in cui l&#8217;utente fornisce il proprio consenso fino alla revoca dello stesso.<\/p>\n\n<p>I dati dei candidati a un&#8217;offerta di lavoro, se il candidato non viene selezionato, saranno conservati per un massimo di due anni per essere inseriti in future offerte di lavoro, a meno che il candidato non esprima la sua obiezione.<\/p>\n\n<p><strong>Come abbiamo ottenuto i tuoi dati?<\/strong><\/p>\n\n<p>I dati personali che trattiamo in Advixy sono sempre ottenuti in tre modi:<\/p>\n\n<p>Raccolta automatica.<\/p>\n\n<p>1) Raccolti tramite cookie o meccanismi simili memorizzati sul tuo dispositivo, sempre con il tuo consenso.<\/p>\n\n<p>2) L&#8217;IP da cui \u00e8 stata effettuata la connessione, il tipo di dispositivo utilizzato e le sue caratteristiche, la versione del sistema operativo, il tipo di browser, la lingua, la data, il paese, l&#8217;ora della richiesta, l&#8217;URL di riferimento o la rete mobile utilizzata, tra gli altri.<\/p>\n\n<p>3) Dati sull&#8217;utilizzo del sito web ed eventuali errori rilevati durante il suo utilizzo, come pagine non trovate o visualizzazioni errate.<\/p>\n\n<p>Quello che fornisci volontariamente.  <\/p>\n\n<p>1) Le informazioni contenute nei messaggi inviati attraverso i canali di contatto del sito web o, eventualmente, quando ti iscrivi alla nostra newsletter. Ad esempio, la tua e-mail, il tuo nome e cognome, l&#8217;oggetto, il numero di telefono di contatto, il settore o il messaggio.<\/p>\n\n<p>Quella fornita da terzi.<\/p>\n\n<p>1) Lo scopo della raccolta dei dati sar\u00e0 quello di occuparsi dei possibili rapporti che possono nascere tra l&#8217;utente e il fornitore del servizio, in particolare e senza limitazioni, contrattazione di servizi, invio di preventivi, risposta alla tua richiesta, elaborazione della tua richiesta, mantenimento del rapporto contrattuale\/precontrattuale esistente, nonch\u00e9 invio di informazioni commerciali per via elettronica o telefonica. In generale, le categorie di dati trattati sono:<\/p>\n\n<p>a. Dati identificativi: nome, cognome, telefono, e-mail, indirizzo postale, professione.<\/p>\n\n<p>b. Non vengono quindi trattati dati particolarmente protetti.<\/p>\n\n<p><strong>Come si ottiene il consenso?<\/strong><\/p>\n\n<p>Per la divulgazione dei dati a terzi sar\u00e0 necessario il consenso dell&#8217;utente (ai sensi dell&#8217;articolo 28 del GDPR). L&#8217;accettazione dell&#8217;informativa sulla privacy \u00e8 da intendersi a tutti gli effetti come la prestazione di un consenso espresso e inequivocabile (articolo 7 del RGPD) da parte dell&#8217;utente al trattamento dei propri dati personali secondo i termini del presente documento. Inoltre, se il consenso dell&#8217;interessato viene dato nel contesto di una dichiarazione scritta che si riferisce anche ad altre questioni, la richiesta di consenso deve essere presentata in modo da essere chiaramente distinguibile dalle altre questioni, in una forma comprensibile e facilmente accessibile e utilizzando un linguaggio chiaro e semplice.<\/p>\n\n<p><strong>Come utilizziamo i tuoi dati?<\/strong><\/p>\n\n<p>I dati forniti ad Advixy saranno utilizzati per:<\/p>\n\n<p>1) Per soddisfare le tue richieste.<\/p>\n\n<p>2) Per fornire il servizio, se contrattualizzato.<\/p>\n\n<p>3) Nelle e-mail e nei moduli di contatto.<\/p>\n\n<p>Il sito web \u00e8 criptato SSL per consentire agli utenti di inviare i propri dati personali in modo sicuro attraverso i moduli di contatto standard. I dati personali raccolti saranno elaborati automaticamente. In questo senso:<\/p>\n\n<p>Riceveremo il tuo indirizzo IP, che sar\u00e0 utilizzato per verificare l&#8217;origine del messaggio al fine di fornirti raccomandazioni adeguate (ad esempio per presentare le informazioni nella lingua corretta) e per rilevare eventuali irregolarit\u00e0 (ad esempio possibili tentativi di attacco informatico al servizio), nonch\u00e9 i dati relativi al tuo ISP.<\/p>\n\n<p>Puoi fornirci i tuoi dati anche per telefono, e-mail e altri mezzi di comunicazione come indicato.<\/p>\n\n<p><strong>Social Networking<\/strong><\/p>\n\n<p>Abbiamo profili su alcuni dei principali social network di Internet e Advixy \u00e8 responsabile del trattamento dei dati pubblicati su di essi. Tali dati saranno trattati in quanto il social network consente di creare profili aziendali. Pertanto, laddove non sia vietato dalla legge, possiamo informare i nostri follower con qualsiasi mezzo consentito dal social network sulle sue attivit\u00e0 o offerte, nonch\u00e9 fornire un servizio clienti personalizzato.<\/p>\n\n<p>In nessun caso estrarremo dati dai social network, a meno che il consenso dell&#8217;utente non sia stato espressamente ottenuto in modo tempestivo. Se, a causa della natura dei social media, l&#8217;esercizio dei tuoi diritti dipende dalla modifica del tuo profilo, ti assisteremo e ti consiglieremo al meglio delle nostre possibilit\u00e0.<\/p>\n\n<p><strong>I dati vengono comunicati a terzi?<\/strong><\/p>\n\n<p>I dati saranno comunicati, se del caso, per l&#8217;adempimento di alcuni obblighi di legge (Amministrazione fiscale, Previdenza sociale, Forze e Corpi di sicurezza dello Stato, Amministrazione, etc.), come richiesto dalla legge. Allo stesso modo, Advixy \u00e8 autorizzata a subappaltare un servizio Cloud o di cloud storage, laddove i servizi possano comportare i seguenti trattamenti: raccolta, registrazione, strutturazione, modifica, conservazione, estrazione, consultazione, consultazione, comunicazione mediante trasmissione, diffusione, interconnessione, collazione, limitazione, cancellazione e distruzione dei dati. Inoltre, Advixy \u00e8 autorizzata a subappaltare un provider europeo di web hosting, i cui servizi includono i seguenti trattamenti: raccolta, registrazione, strutturazione, modifica, archiviazione, recupero, estrazione, consultazione, comunicazione mediante trasmissione, diffusione, interconnessione, collazione, restrizione, cancellazione e distruzione dei dati.<\/p>\n\n<p><strong>Conformit\u00e0 alle normative vigenti.<\/strong><\/p>\n\n<p>Il fornitore del servizio rispetta le linee guida del Regolamento (UE) 2016\/679 del Parlamento Europeo e del Consiglio del 27 aprile 2016 relativo alla protezione delle persone fisiche con riguardo al trattamento dei dati personali, nonch\u00e9 alla libera circolazione di tali dati e che abroga la direttiva 95\/46\/CE (Regolamento generale sulla protezione dei dati) e le altre normative vigenti e applicabili di volta in volta, garantendo il corretto utilizzo e trattamento dei dati personali dell&#8217;utente. Inoltre, \u00e8 conforme alla Legge 34\/2002, dell&#8217;11 luglio, sui servizi della societ\u00e0 dell&#8217;informazione e il commercio elettronico.<\/p>\n\n<p><strong>Comunicazioni via e-mail.<\/strong><\/p>\n\n<p>La comunicazione via e-mail sar\u00e0 necessaria per la gestione delle richieste degli utenti o per rispondere alle loro domande.  <\/p>\n\n<p>In ogni caso, il destinatario avr\u00e0 la possibilit\u00e0 di opporsi al trattamento dei suoi dati a fini promozionali attraverso una procedura semplice e gratuita, in conformit\u00e0 con le disposizioni dell&#8217;articolo 21.2 della Legge 34\/2002, dell&#8217;11 luglio, sui servizi della societ\u00e0 dell&#8217;informazione e il commercio elettronico.<\/p>\n\n<p><strong>Dati forniti da terzi.<\/strong><\/p>\n\n<p>Nel caso in cui i dati personali siano inseriti nella richiesta da parte di soggetti che non sono i titolari di tali dati, l&#8217;utente dovr\u00e0, prima del loro inserimento, informare tali soggetti dei punti contenuti nei paragrafi precedenti, e i titolari del sito web saranno esenti da qualsiasi responsabilit\u00e0 per il mancato rispetto di tale requisito.<\/p>\n\n<p><strong>Misure di sicurezza.<\/strong><\/p>\n\n<p>I responsabili del trattamento hanno implementato le misure di sicurezza tecniche e organizzative necessarie per garantire la sicurezza dei tuoi dati personali e per impedirne l&#8217;alterazione, la perdita e il trattamento e\/o l&#8217;accesso non autorizzato, tenendo conto dello stato dell&#8217;arte, dei costi di implementazione e della natura, dell&#8217;ambito, del contesto e delle finalit\u00e0 del trattamento, nonch\u00e9 dei rischi di varia probabilit\u00e0 e gravit\u00e0 per i diritti e le libert\u00e0 delle persone fisiche. Tuttavia, verranno messi in atto dei meccanismi per:<\/p>\n\n<p>(1) Garantire la riservatezza, l&#8217;integrit\u00e0, la disponibilit\u00e0 e la resilienza dei sistemi e dei servizi di elaborazione.<\/p>\n\n<p>2) Ripristinare rapidamente la disponibilit\u00e0 e l&#8217;accesso ai dati personali in caso di incidente fisico o tecnico.<\/p>\n\n<p>3) verificare, valutare e valutare regolarmente l&#8217;efficacia delle misure tecniche e organizzative implementate per garantire la sicurezza del trattamento.<\/p>\n\n<p>(4) Pseudonimizzare e criptare i dati personali, ove opportuno.<\/p>\n\n<p>Ci\u00f2 \u00e8 conforme alle disposizioni dell&#8217;articolo 32 del GDPR in relazione al Considerando 81 del GDPR.<\/p>\n\n<p><strong>Trasferimenti internazionali dei tuoi dati personali<\/strong><\/p>\n\n<p>Ti informiamo che Advixy ha approvato il Regolamento aziendale, uno standard riconosciuto a livello internazionale che garantisce un&#8217;adeguata protezione nella gestione dei dati personali all&#8217;interno di un&#8217;azienda multinazionale. In particolare, tali norme prevedono misure analoghe per la protezione dei dati personali ottenuti nel corso delle attivit\u00e0 commerciali, qualora tali dati debbano essere trasferiti all&#8217;interno delle societ\u00e0 del Gruppo. Inoltre, in Advixy sono stati adottati impegni per la protezione dei dati.<\/p>\n\n<p>Ti informiamo che i tuoi dati personali potranno essere comunicati a destinatari situati in paesi al di fuori dello Spazio Economico Europeo, inclusi paesi che non garantiscono un livello di protezione dei dati equivalente a quello dell&#8217;Unione. Tuttavia, in questi casi, saranno trattati nel rispetto scrupoloso della legislazione europea e spagnola e, allo stesso modo, saranno applicate le garanzie indicate di seguito:<\/p>\n\n<p>&#8211; Destinatario: Prosperitas Global, Inc.<\/p>\n\n<p>&#8211; Paese: Stati Uniti d&#8217;America<\/p>\n\n<p>&#8211; Garanzia: regole aziendali vincolanti<\/p>\n\n<p>&#8211; Gruppo target: Consulenti di servizi associati<\/p>\n\n<p>&#8211; Paese: USA<\/p>\n\n<p>&#8211; Garanzia: Clausole contrattuali standard<\/p>\n\n<p><strong>Riservatezza e obbligo di segretezza.<\/strong><\/p>\n\n<p>L&#8217;utente conta sulla riservatezza e sul dovere di segretezza dei dipendenti di Advixy, e di tutti coloro che trattano i dati in nome e per conto della stessa. Fatto salvo quanto sopra, l&#8217;utente \u00e8 informato che la sicurezza delle comunicazioni via Internet non \u00e8 invulnerabile.<\/p>\n\n<p><strong>Modifica dell&#8217;informativa sulla privacy.<\/strong><\/p>\n\n<p>Il proprietario del sito web si riserva il diritto di modificare la propria Informativa sulla Privacy senza preavviso, secondo i propri criteri, motivati da una modifica legislativa, giurisprudenziale o dottrinale dell&#8217;Agenzia Spagnola per la Protezione dei Dati. Eventuali modifiche all&#8217;Informativa sulla privacy saranno pubblicate un giorno prima della data di entrata in vigore.<\/p>\n\n<p><strong>Informativa sui cookie<\/strong><\/p>\n\n<p>Per sapere come li utilizziamo, consulta la nostra Politica sui Cookie al seguente link: <a href=\"https:\/\/www.advixy.com\/politica-cookies\/\" target=\"_blank\" rel=\"noreferrer noopener\">https:\/\/www.advixy.com\/politica-cookies\/<\/a><\/p>\n\n<p><strong>Contattaci<\/strong><\/p>\n\n<p>Se hai domande sulla nostra Informativa sulla privacy, puoi contattarci al seguente indirizzo e-mail: <a href=\"mailto:info@advixy.com\" target=\"_blank\" rel=\"noreferrer noopener\">info@advixy.com<\/a><\/p>\n","protected":false},"excerpt":{"rendered":"<p>INFORMAZIONI SULLA PROTEZIONE DEI DATI Responsabile del trattamento: Advixy, S.L.U. C.I.F.: B05495445 Indirizzo principale di contatto: Av. Santa Cruz 76 &#8211; 38500 Santa Cruz de Tenerife. E-mail: info@advixy.com La tua sicurezza \u00e8 importante per noi, per questo ti informiamo tacitamente sul trattamento dei tuoi dati. Lo scopo del trattamento \u00e8 quellodi contrattare servizi, inviare preventivi, rispondere alla tua richiesta, elaborare la tua richiesta, mantenere il rapporto contrattuale\/precontrattuale esistente, nonch\u00e9 l&#8217;invio di informazioni commerciali per via elettronica. Legittimazione La base giuridica per rispondere alle richieste sar\u00e0 il legittimo interesse a rispondere alle richieste. Nel caso in cui il servizio venga contrattato, la base giuridica sar\u00e0 il contratto stesso. Diritti Accesso, rettifica, cancellazione, limitazione del trattamento, opposizione e portabilit\u00e0 dei dati, come spiegato nelle informazioni aggiuntive. Origine dei dati Dati ottenuti dai clienti stessi e dati raccolti automaticamente (cookie). INFORMAZIONI AGGIUNTIVE 1.- Informazioni generali, finalit\u00e0 dei dati, esercizio dei diritti e consenso al trattamento. In ottemperanza alle disposizioni del Regolamento (UE) 2016\/679 del Parlamento Europeo e del Consiglio del 27 aprile 2016 relativo alla protezione delle persone fisiche con riguardo al trattamento dei dati personali, nonch\u00e9 alla libera circolazione di tali dati e che abroga la direttiva 95\/46\/CE (General Data Protection Regulation &#8211; d&#8217;ora in poi, GDPR), Advixy, S.L.U., comunica che accettando la presente Informativa sulla Privacy l&#8217;utente fornisce il proprio consenso informato, espresso, libero e inequivocabile affinch\u00e9 i dati forniti attraverso il sito web vengano gestiti al fine di poter elaborare il servizio o le informazioni richieste, rispondere alla sua richiesta e\/o evadere la sua richiesta. Per quali scopi trattiamo i tuoi dati personali? In conformit\u00e0 alle disposizioni degli articoli 5 e 12 del RGPD ti informiamo di: Lo scopo della raccolta dei dati sar\u00e0 quello di occuparsi dei possibili rapporti che possono nascere tra l&#8217;utente e il fornitore del servizio, in particolare e senza limitazioni, contrattare servizi, inviare preventivi, rispondere alla tua richiesta, elaborare la tua richiesta, mantenere il rapporto contrattuale\/precontrattuale esistente, nonch\u00e9 inviare informazioni commerciali per via elettronica o per telefono. Nella compilazione dei moduli, possono essere presenti sezioni con carattere obbligatorio, ovvero quei campi contrassegnati da un asterisco (*), in quanto ritenuti necessari per la finalit\u00e0 perseguita, per cui l&#8217;omissione di uno di essi pu\u00f2 comportare l&#8217;impossibilit\u00e0 di inviare il quesito. Quali sono i tuoi diritti quando ci fornisci i tuoi dati? In conformit\u00e0 alle disposizioni del GDPR, gli articoli 15 e seguenti stabiliscono condizioni specifiche sulla procedura da seguire per assistere gli interessati nell&#8217;esercizio dei loro diritti. Questi diritti sono i seguenti: Il diritto di richiedere l&#8217;accesso ai dati personali che lo riguardano, avendo il diritto di ottenere dal responsabile del trattamento la conferma che sia o meno in corso un trattamento di dati personali che lo riguardano e, in tal caso, il diritto di accesso ai dati personali. Allo stesso modo, \u00e8 riconosciuto il diritto di ottenere una copia dei dati personali trattati. Diritto di richiedere la rettifica o la cancellazione: l&#8217;interessato ha il diritto di ottenere dal responsabile del trattamento, senza indebito ritardo, la rettifica dei dati personali inesatti che lo riguardano. Inoltre, l&#8217;interessato ha il diritto di ottenere senza ingiustificato ritardo dal responsabile del trattamento la cancellazione dei dati personali che lo riguardano, il quale sar\u00e0 obbligato a cancellare i dati personali senza ingiustificato ritardo. Diritto di richiedere la limitazione del trattamento: ci\u00f2 significa che, su richiesta dell&#8217;interessato, le operazioni di trattamento applicabili in ciascun caso non saranno applicate ai suoi dati personali. Diritto di opposizione al trattamento: l&#8217;interessato ha il diritto di opporsi in qualsiasi momento al trattamento dei dati personali che lo riguardano. Diritto alla portabilit\u00e0 dei dati: la copia fornita all&#8217;interessato deve essere in un formato strutturato, comunemente utilizzato e leggibile a macchina. Questo pu\u00f2 essere fatto inviando una comunicazione scritta all&#8217;indirizzo e-mail admin@advixy.com. La domanda deve contenere il nome e il cognome dell&#8217;interessato, una fotocopia della carta d&#8217;identit\u00e0 (o, se applicabile, del passaporto o del CIF), la richiesta specifica, l&#8217;indirizzo per le notifiche, la data, la firma e i documenti che accreditano la richiesta. I modelli sono disponibili all&#8217;indirizzo: https:\/\/www.aepd.es\/reglamento\/derechos\/index.html. Nel caso in cui tu abbia contattato il titolare del trattamento con un mezzo che ti consenta di provarlo e se il titolare del trattamento non ti ha risposto entro il termine stabilito o se ritieni che la risposta non sia adeguata, puoi rivolgerti all&#8217;Autorit\u00e0 di controllo (Agenzia spagnola per la protezione dei dati), seguendo la seguente procedura https:\/\/sedeagpd.gob.es\/sede-electronica-web\/ Per quanto tempo conserveremo i tuoi dati? I dati personali saranno conservati nel modo seguente: I dati anonimizzati saranno conservati senza limiti di tempo per la cancellazione. I dati del cliente saranno conservati in base al servizio stipulato e, in ogni caso, per il periodo di tempo pi\u00f9 breve possibile. In ogni caso e in conformit\u00e0 con i rispettivi obblighi di legge, saranno conservati secondo le seguenti scadenze: 5 anni, ai sensi dell&#8217;art. 1964 del Codice Civile; 6 anni, ai sensi dell&#8217;art. 30 del Codice Commerciale. I dati degli iscritti alla newsletter saranno conservati dal momento dell&#8217;iscrizione dell&#8217;utente fino alla sua cancellazione. I dati dell&#8217;utente caricati da Advixy su pagine e profili di social network saranno conservati dal momento in cui l&#8217;utente fornisce il proprio consenso fino alla revoca dello stesso. I dati dei candidati a un&#8217;offerta di lavoro, se il candidato non viene selezionato, saranno conservati per un massimo di due anni per essere inseriti in future offerte di lavoro, a meno che il candidato non esprima la sua obiezione. Come abbiamo ottenuto i tuoi dati? I dati personali che trattiamo in Advixy sono sempre ottenuti in tre modi: Raccolta automatica. 1) Raccolti tramite cookie o meccanismi simili memorizzati sul tuo dispositivo, sempre con il tuo consenso. 2) L&#8217;IP da cui \u00e8 stata effettuata la connessione, il tipo di dispositivo utilizzato e le sue caratteristiche, la versione del sistema operativo, il tipo di browser, la lingua, la data, il paese, l&#8217;ora della richiesta, l&#8217;URL di riferimento o la rete mobile utilizzata, tra gli altri. 3) Dati sull&#8217;utilizzo del sito web ed eventuali errori rilevati durante il suo utilizzo, come<\/p>\n","protected":false},"author":1,"featured_media":0,"parent":0,"menu_order":0,"comment_status":"closed","ping_status":"closed","template":"page-templates\/page_front-page.php","meta":{"footnotes":""},"class_list":["post-597","page","type-page","status-publish","hentry"],"_links":{"self":[{"href":"https:\/\/advixy.com\/it\/wp-json\/wp\/v2\/pages\/597","targetHints":{"allow":["GET"]}}],"collection":[{"href":"https:\/\/advixy.com\/it\/wp-json\/wp\/v2\/pages"}],"about":[{"href":"https:\/\/advixy.com\/it\/wp-json\/wp\/v2\/types\/page"}],"author":[{"embeddable":true,"href":"https:\/\/advixy.com\/it\/wp-json\/wp\/v2\/users\/1"}],"replies":[{"embeddable":true,"href":"https:\/\/advixy.com\/it\/wp-json\/wp\/v2\/comments?post=597"}],"version-history":[{"count":1,"href":"https:\/\/advixy.com\/it\/wp-json\/wp\/v2\/pages\/597\/revisions"}],"predecessor-version":[{"id":598,"href":"https:\/\/advixy.com\/it\/wp-json\/wp\/v2\/pages\/597\/revisions\/598"}],"wp:attachment":[{"href":"https:\/\/advixy.com\/it\/wp-json\/wp\/v2\/media?parent=597"}],"curies":[{"name":"wp","href":"https:\/\/api.w.org\/{rel}","templated":true}]}}